{"id":739,"date":"2024-03-07T00:57:48","date_gmt":"2024-03-06T23:57:48","guid":{"rendered":"https:\/\/www.adelinecaron.fr\/?page_id=739"},"modified":"2025-05-13T22:24:39","modified_gmt":"2025-05-13T20:24:39","slug":"parcours","status":"publish","type":"page","link":"https:\/\/www.adelinecaron.fr\/index.php\/parcours\/","title":{"rendered":"Parcours"},"content":{"rendered":"<h5>N\u00e9e en 1975, Adeline Caron \u00e9tudie la sc\u00e9nographie \u00e0 l\u2019\u00c9cole Nationale Sup\u00e9rieure des Arts D\u00e9coratifs \u00e0 Paris.<\/h5>\n<h5>Depuis 2000, elle signe des sc\u00e9nographies et des costumes pour : le Th\u00e9\u00e2tre du Vieux Colombier, le studio et la salle Richelieu de la Com\u00e9die Fran\u00e7aise, le Th\u00e9\u00e2tre de Caen, le Th\u00e9\u00e2tre d\u2019 Amiens, le Narodni Divadlo de Prague, l\u2019Op\u00e9ra Comique \u00e0 Paris, le Th\u00e9\u00e2tre musical de Quimper, le Th\u00e9\u00e2tre musical de Nanterre, le Badisches Staatstheater de Karlsruhe, le Grand Th\u00e9\u00e2tre du Luxembourg, le Th\u00e9\u00e2tre Ath\u00e9n\u00e9e Louis Jouvet et le th\u00e9\u00e2tre des Bouffes du Nord \u00e0 Paris, l\u2019op\u00e9ra de Cologne, l&#8217;op\u00e9ra de Montpellier, le teatro Maggio Fiorentino \u00e0 Florence.<\/h5>\n<h5>Elle a accompagn\u00e9 en tant que sc\u00e9nographe notamment Pior Fomenko, Marcel Bozonnet, Jean-Christophe Doll\u00e9, Caroline Mutel, Louise Moaty, Thomas Blanchard et S\u00e9bastien Betb\u00e9der, Pierre-Yves Chapalain, Julia de Gasquet, Benjamin Lazar depuis 2004, et Lelio Plotton depuis 2020.<\/h5>\n<h5>Depuis 2012, elle est aussi sc\u00e9nographe d\u2019expositions pour : la Maison de Victor Hugo\/Paris, le Mus\u00e9e d\u2019Orsay\/Paris, le Mus\u00e9e d\u2019Histoire Naturelle \/Lille, le Mus\u00e9e d\u2019Art Moderne\/Zagreb, la Biblioth\u00e8que Nationale de France\/Paris.<\/h5>\n<h5>Elle est nomin\u00e9e aux Moli\u00e8res de la meilleure cr\u00e9ation th\u00e9\u00e2trale pour <em>Mangez-le si vous voulez<\/em> en 2014, ainsi qu&#8217;au Prix de la presse en Allemagne pour la sc\u00e9nographie de <em>Riccardo Primo.<\/em><\/h5>\n<h5>Elle entreprend en 2014 une \u00e9tude sur la for\u00eat de Verdun, <em>Der G\u00e4rtner Tod\/Verdun<\/em>, qui obtient en 2016 le prix des Parcs et jardins de Picardie.<\/h5>\n<h5>Son projet <em>5 semaines en R.F.A.\/1952<\/em> est laur\u00e9at \u00e0 l&#8217; aide \u00e0 la cr\u00e9ation en dramaturgie plurielle d&#8217;Artcena, en 2017.<\/h5>\n<h5>Elle enseigne en licence 1 et licence 2 \u00e0 la Facult\u00e9 des arts d&#8217;Amiens depuis 2019.<\/h5>\n<blockquote>\n<h5><a href=\"http:\/\/www.adelinecaron.fr\/wp-content\/uploads\/2025\/05\/cv-Adeline-Caron-mai-25.pdf\">cv Adeline Caron mai 25<\/a><\/h5>\n<\/blockquote>\n<h5>\u00a0 \u00a0 \u00a0 Strabic : <a href=\"https:\/\/strabic.fr\/Adeline-Caron-scenographe-La-mort-jardiniere\">De Verdun \u00e0 Verdi<\/a>.<\/h5>\n<h5><a href=\"http:\/\/www.adelinecaron.fr\/wp-content\/uploads\/2025\/05\/La-Croix.fr_.pdf\">La Croix.fr<\/a><\/h5>\n","protected":false},"excerpt":{"rendered":"<p>N\u00e9e en 1975, Adeline Caron \u00e9tudie la sc\u00e9nographie \u00e0 l\u2019\u00c9cole Nationale Sup\u00e9rieure des Arts D\u00e9coratifs \u00e0 Paris. Depuis 2000, elle signe des sc\u00e9nographies et des&#8230;<\/p>\n","protected":false},"author":1,"featured_media":0,"parent":0,"menu_order":0,"comment_status":"closed","ping_status":"closed","template":"","meta":{"footnotes":""},"yoast_head":"<!-- This site is optimized with the Yoast SEO plugin v14.3 - https:\/\/yoast.com\/wordpress\/plugins\/seo\/ -->\n<title>Parcours - ADELINE CARON<\/title>\n<meta name=\"robots\" content=\"index, follow\" \/>\n<meta name=\"googlebot\" content=\"index, follow, max-snippet:-1, max-image-preview:large, max-video-preview:-1\" \/>\n<meta name=\"bingbot\" content=\"index, follow, max-snippet:-1, max-image-preview:large, max-video-preview:-1\" \/>\n<link rel=\"canonical\" href=\"http:\/\/www.adelinecaron.fr\/index.php\/parcours\/\" \/>\n<meta property=\"og:locale\" content=\"en_US\" \/>\n<meta property=\"og:type\" content=\"article\" \/>\n<meta property=\"og:title\" content=\"Parcours - ADELINE CARON\" \/>\n<meta property=\"og:description\" content=\"N\u00e9e en 1975, Adeline Caron \u00e9tudie la sc\u00e9nographie \u00e0 l\u2019\u00c9cole Nationale Sup\u00e9rieure des Arts D\u00e9coratifs \u00e0 Paris. Depuis 2000, elle signe des sc\u00e9nographies et des...\" \/>\n<meta property=\"og:url\" content=\"http:\/\/www.adelinecaron.fr\/index.php\/parcours\/\" \/>\n<meta property=\"og:site_name\" content=\"ADELINE CARON\" \/>\n<meta property=\"article:modified_time\" content=\"2025-05-13T20:24:39+00:00\" \/>\n<meta name=\"twitter:card\" content=\"summary_large_image\" \/>\n<script type=\"application\/ld+json\" class=\"yoast-schema-graph\">{\"@context\":\"https:\/\/schema.org\",\"@graph\":[{\"@type\":\"WebSite\",\"@id\":\"https:\/\/www.adelinecaron.fr\/#website\",\"url\":\"https:\/\/www.adelinecaron.fr\/\",\"name\":\"ADELINE CARON\",\"description\":\"Portfolio\",\"potentialAction\":[{\"@type\":\"SearchAction\",\"target\":\"https:\/\/www.adelinecaron.fr\/?s={search_term_string}\",\"query-input\":\"required name=search_term_string\"}],\"inLanguage\":\"en-US\"},{\"@type\":\"WebPage\",\"@id\":\"http:\/\/www.adelinecaron.fr\/index.php\/parcours\/#webpage\",\"url\":\"http:\/\/www.adelinecaron.fr\/index.php\/parcours\/\",\"name\":\"Parcours - ADELINE CARON\",\"isPartOf\":{\"@id\":\"https:\/\/www.adelinecaron.fr\/#website\"},\"datePublished\":\"2024-03-06T23:57:48+00:00\",\"dateModified\":\"2025-05-13T20:24:39+00:00\",\"inLanguage\":\"en-US\",\"potentialAction\":[{\"@type\":\"ReadAction\",\"target\":[\"http:\/\/www.adelinecaron.fr\/index.php\/parcours\/\"]}]}]}<\/script>\n<!-- \/ Yoast SEO plugin. -->","_links":{"self":[{"href":"https:\/\/www.adelinecaron.fr\/index.php\/wp-json\/wp\/v2\/pages\/739"}],"collection":[{"href":"https:\/\/www.adelinecaron.fr\/index.php\/wp-json\/wp\/v2\/pages"}],"about":[{"href":"https:\/\/www.adelinecaron.fr\/index.php\/wp-json\/wp\/v2\/types\/page"}],"author":[{"embeddable":true,"href":"https:\/\/www.adelinecaron.fr\/index.php\/wp-json\/wp\/v2\/users\/1"}],"replies":[{"embeddable":true,"href":"https:\/\/www.adelinecaron.fr\/index.php\/wp-json\/wp\/v2\/comments?post=739"}],"version-history":[{"count":17,"href":"https:\/\/www.adelinecaron.fr\/index.php\/wp-json\/wp\/v2\/pages\/739\/revisions"}],"predecessor-version":[{"id":812,"href":"https:\/\/www.adelinecaron.fr\/index.php\/wp-json\/wp\/v2\/pages\/739\/revisions\/812"}],"wp:attachment":[{"href":"https:\/\/www.adelinecaron.fr\/index.php\/wp-json\/wp\/v2\/media?parent=739"}],"curies":[{"name":"wp","href":"https:\/\/api.w.org\/{rel}","templated":true}]}}